{"id":1748,"date":"2021-04-29T16:05:22","date_gmt":"2021-04-29T15:05:22","guid":{"rendered":"http:\/\/79.170.44.115\/bissonltd.co.uk\/nuestros-clientes-en-europa\/"},"modified":"2023-09-11T15:38:36","modified_gmt":"2023-09-11T14:38:36","slug":"nuestros-clientes-en-europa","status":"publish","type":"page","link":"https:\/\/www.bissonltd.co.uk\/es\/nuestros-clientes-en-europa\/","title":{"rendered":"NUESTROS CLIENTES EN EUROPA"},"content":{"rendered":"<p><div id=\"#intro\" class=\"fusion-container-anchor\"><div class=\"fusion-fullwidth fullwidth-box fusion-builder-row-1 fusion-flex-container nonhundred-percent-fullwidth non-hundred-percent-height-scrolling\" style=\"--awb-border-radius-top-left:0px;--awb-border-radius-top-right:0px;--awb-border-radius-bottom-right:0px;--awb-border-radius-bottom-left:0px;--awb-padding-top:20px;--awb-padding-bottom:80px;--awb-padding-top-small:80px;--awb-flex-wrap:wrap;\" ><div class=\"fusion-builder-row fusion-row fusion-flex-align-items-flex-start fusion-flex-content-wrap\" style=\"max-width:1424.8px;margin-left: calc(-4% \/ 2 );margin-right: calc(-4% \/ 2 );\"><div class=\"fusion-layout-column fusion_builder_column fusion-builder-column-0 fusion_builder_column_1_1 1_1 fusion-flex-column\" style=\"--awb-bg-size:cover;--awb-width-large:100%;--awb-margin-top-large:0px;--awb-spacing-right-large:1.92%;--awb-margin-bottom-large:20px;--awb-spacing-left-large:1.92%;--awb-width-medium:100%;--awb-order-medium:0;--awb-spacing-right-medium:1.92%;--awb-spacing-left-medium:1.92%;--awb-width-small:100%;--awb-order-small:0;--awb-spacing-right-small:1.92%;--awb-spacing-left-small:1.92%;\"><div class=\"fusion-column-wrapper fusion-column-has-shadow fusion-flex-justify-content-flex-start fusion-content-layout-column\"><div class=\"fusion-image-element \" style=\"text-align:center;--awb-margin-bottom:20px;--awb-max-width:120px;--awb-caption-title-font-family:var(--h2_typography-font-family);--awb-caption-title-font-weight:var(--h2_typography-font-weight);--awb-caption-title-font-style:var(--h2_typography-font-style);--awb-caption-title-size:var(--h2_typography-font-size);--awb-caption-title-transform:var(--h2_typography-text-transform);--awb-caption-title-line-height:var(--h2_typography-line-height);--awb-caption-title-letter-spacing:var(--h2_typography-letter-spacing);\"><span class=\" fusion-imageframe imageframe-none imageframe-1 hover-type-none\"><img decoding=\"async\" width=\"225\" height=\"300\" title=\"BIH Logo email\" src=\"https:\/\/www.bissonltd.co.uk\/wp-content\/uploads\/2021\/03\/BIH-Logo-email-225x300.png\" alt class=\"img-responsive wp-image-1751\" srcset=\"https:\/\/www.bissonltd.co.uk\/wp-content\/uploads\/2021\/03\/BIH-Logo-email-200x267.png 200w, https:\/\/www.bissonltd.co.uk\/wp-content\/uploads\/2021\/03\/BIH-Logo-email-400x534.png 400w, https:\/\/www.bissonltd.co.uk\/wp-content\/uploads\/2021\/03\/BIH-Logo-email.png 472w\" sizes=\"(max-width: 1024px) 100vw, (max-width: 640px) 100vw, 225px\" \/><\/span><\/div><div class=\"fusion-title title fusion-title-1 fusion-title-text fusion-title-size-two\" style=\"--awb-margin-top-small:0px;--awb-margin-right-small:0px;--awb-margin-bottom-small:20px;--awb-margin-left-small:0px;\"><div class=\"title-sep-container title-sep-container-left fusion-no-large-visibility fusion-no-medium-visibility fusion-no-small-visibility\"><div class=\"title-sep sep- sep-solid\" style=\"border-color:#e0dede;\"><\/div><\/div><span class=\"awb-title-spacer fusion-no-large-visibility fusion-no-medium-visibility fusion-no-small-visibility\"><\/span><h2 class=\"fusion-title-heading title-heading-left\" style=\"margin:0;\"><p class=\"p1\" style=\"text-align: center;\">Desde su lanzamiento en 2002, Bisson ha dedicado tiempo y esfuerzo para convertirse en uno de los principales proveedores del mercado europeo de detecci\u00f3n de humos por aspiraci\u00f3n.<\/p><\/h2><span class=\"awb-title-spacer\"><\/span><div class=\"title-sep-container title-sep-container-right\"><div class=\"title-sep sep- sep-solid\" style=\"border-color:#e0dede;\"><\/div><\/div><\/div><div class=\"fusion-text fusion-text-1\"><p>Al asistir a ferias y eventos comerciales clave como Essen en Alemania y Sicur en Espa\u00f1a, hemos asegurado valiosas asociaciones con muchas importantes corporaciones internacionales en el \u00e1mbito de Fire &amp; Security (Seguridad y prevenci\u00f3n de incendios). Bisson tiene presencia en todos los pa\u00edses europeos, incluido Escandinavia, as\u00ed como en el mercado emergente de los pa\u00edses b\u00e1lticos.<\/p>\n<p>Bisson posee el certificado de calidad EN54 parte 20 que es de particular importancia para nuestros clientes europeos. En Bisson, ofrecemos toda nuestra gama de productos en todo el mundo a trav\u00e9s de nuestras s\u00f3lidas asociaciones con una red de proveedores de transporte perfectamente establecidos.<\/p>\n<p>Nuestra gama de productos se ha adaptado a las demandas de nuestros socios europeos, y en particular del mercado alem\u00e1n, lanzando tambi\u00e9n, una gama de producto en color gris. Tenemos conexiones de transporte establecidas desde hace mucho tiempo que nos permiten llegar al sur de Italia o Europa del Este en aproximadamente 5\/6 d\u00edas. Gracias a la fabricaci\u00f3n en grandes cantidades de toda nuestra amplia gama de productos, nos permiten enviar pedidos de mercanc\u00edas al d\u00eda siguiente y que puedan llegar justo a tiempo para todos sus importantes proyectos sin importar el tama\u00f1o.<\/p>\n<p>Si desea hablar m\u00e1s sobre sus requisitos, por favor comun\u00edquese con nosotros a nuestra direcci\u00f3n de correo electr\u00f3nico: <a href=\"mailto:sales@bissonbv.com\">sales@bissonbv.com<\/a><\/p>\n<\/div><\/div><\/div><\/div><\/div><\/div><div class=\"fusion-bg-parallax\" data-bg-align=\"center center\" data-direction=\"up\" data-mute=\"false\" data-opacity=\"100\" data-velocity=\"-0.2\" data-mobile-enabled=\"false\" data-break_parents=\"0\" data-bg-image=\"https:\/\/www.bissonltd.co.uk\/wp-content\/uploads\/2021\/03\/Bisson_Web_2019December-18-2019-3-grey.jpg\" data-bg-repeat=\"false\" ><\/div><div class=\"fusion-fullwidth fullwidth-box fusion-builder-row-2 fusion-flex-container fusion-parallax-up nonhundred-percent-fullwidth non-hundred-percent-height-scrolling\" style=\"--awb-border-radius-top-left:0px;--awb-border-radius-top-right:0px;--awb-border-radius-bottom-right:0px;--awb-border-radius-bottom-left:0px;--awb-padding-top:11%;--awb-padding-bottom:10%;--awb-background-image:url(&quot;https:\/\/www.bissonltd.co.uk\/wp-content\/uploads\/2021\/03\/Bisson_Web_2019December-18-2019-3-grey.jpg&quot;);--awb-background-size:cover;--awb-flex-wrap:wrap;\" ><div class=\"fusion-builder-row fusion-row fusion-flex-align-items-flex-start fusion-flex-content-wrap\" style=\"max-width:1424.8px;margin-left: calc(-4% \/ 2 );margin-right: calc(-4% \/ 2 );\"><div class=\"fusion-layout-column fusion_builder_column fusion-builder-column-1 fusion_builder_column_2_5 2_5 fusion-flex-column\" style=\"--awb-bg-blend:overlay;--awb-bg-size:cover;--awb-border-color:#92c4d5;--awb-border-right:0px;--awb-border-style:solid;--awb-width-large:40%;--awb-margin-top-large:0px;--awb-spacing-right-large:4.8%;--awb-margin-bottom-large:20px;--awb-spacing-left-large:4.8%;--awb-width-medium:16.666666666667%;--awb-spacing-right-medium:11.52%;--awb-spacing-left-medium:11.52%;--awb-width-small:100%;--awb-spacing-right-small:1.92%;--awb-spacing-left-small:1.92%;\"><div class=\"fusion-column-wrapper fusion-flex-justify-content-flex-start fusion-content-layout-column\"><\/div><\/div><div class=\"fusion-layout-column fusion_builder_column fusion-builder-column-2 fusion_builder_column_3_5 3_5 fusion-flex-column\" style=\"--awb-bg-blend:overlay;--awb-bg-size:cover;--awb-border-color:#92c4d5;--awb-border-top:0px;--awb-border-right:0px;--awb-border-bottom:0px;--awb-border-left:0px;--awb-border-style:solid;--awb-width-large:60%;--awb-margin-top-large:0px;--awb-spacing-right-large:3.2%;--awb-margin-bottom-large:20px;--awb-spacing-left-large:3.2%;--awb-width-medium:83.333333333333%;--awb-spacing-right-medium:2.304%;--awb-spacing-left-medium:2.304%;--awb-width-small:100%;--awb-spacing-right-small:1.92%;--awb-spacing-left-small:1.92%;\"><div class=\"fusion-column-wrapper fusion-flex-justify-content-flex-start fusion-content-layout-column\"><div class=\"fusion-separator\" style=\"align-self: flex-start;margin-right:auto;margin-top:10px;margin-bottom:6%;width:100%;max-width:50px;\"><div class=\"fusion-separator-border sep-single sep-solid\" style=\"--awb-height:20px;--awb-amount:20px;--awb-sep-color:#92c4d5;border-color:#92c4d5;border-top-width:3px;\"><\/div><\/div><div class=\"fusion-title title fusion-title-2 fusion-title-text fusion-title-size-two\" style=\"--awb-text-color:#ffffff;--awb-margin-bottom:52px;--awb-margin-top-small:0px;--awb-margin-right-small:0px;--awb-margin-bottom-small:20px;--awb-margin-left-small:0px;\"><div class=\"title-sep-container title-sep-container-left fusion-no-large-visibility fusion-no-medium-visibility fusion-no-small-visibility\"><div class=\"title-sep sep- sep-solid\" style=\"border-color:#e0dede;\"><\/div><\/div><span class=\"awb-title-spacer fusion-no-large-visibility fusion-no-medium-visibility fusion-no-small-visibility\"><\/span><h2 class=\"fusion-title-heading title-heading-left\" style=\"margin:0;\">If you have any questions then please call us.<\/h2><span class=\"awb-title-spacer\"><\/span><div class=\"title-sep-container title-sep-container-right\"><div class=\"title-sep sep- sep-solid\" style=\"border-color:#e0dede;\"><\/div><\/div><\/div><div ><a class=\"fusion-button button-flat button-xlarge button-default fusion-button-default button-1 fusion-button-default-span fusion-button-default-type\" target=\"_self\" href=\"https:\/\/www.bissonltd.co.uk\/es\/contacto\/\"><i class=\"fa-envelope fas awb-button__icon awb-button__icon--default button-icon-left\" aria-hidden=\"true\"><\/i><span class=\"fusion-button-text awb-button__text awb-button__text--default\">Ponerse en contacto<\/span><\/a><\/div><\/div><\/div><\/div><\/div>\n<div class=\"fusion-fullwidth fullwidth-box fusion-builder-row-3 fusion-flex-container nonhundred-percent-fullwidth non-hundred-percent-height-scrolling\" style=\"--awb-border-radius-top-left:0px;--awb-border-radius-top-right:0px;--awb-border-radius-bottom-right:0px;--awb-border-radius-bottom-left:0px;--awb-flex-wrap:wrap;\" ><div class=\"fusion-builder-row fusion-row fusion-flex-align-items-flex-start fusion-flex-content-wrap\" style=\"max-width:1424.8px;margin-left: calc(-4% \/ 2 );margin-right: calc(-4% \/ 2 );\"><div class=\"fusion-layout-column fusion_builder_column fusion-builder-column-3 fusion_builder_column_1_1 1_1 fusion-flex-column\" style=\"--awb-bg-size:cover;--awb-width-large:100%;--awb-margin-top-large:0px;--awb-spacing-right-large:1.92%;--awb-margin-bottom-large:0px;--awb-spacing-left-large:1.92%;--awb-width-medium:100%;--awb-spacing-right-medium:1.92%;--awb-spacing-left-medium:1.92%;--awb-width-small:100%;--awb-spacing-right-small:1.92%;--awb-spacing-left-small:1.92%;\"><div class=\"fusion-column-wrapper fusion-flex-justify-content-flex-start fusion-content-layout-column\"><\/div><\/div><\/div><\/div><div class=\"fusion-fullwidth fullwidth-box fusion-builder-row-4 fusion-flex-container has-pattern-background has-mask-background hundred-percent-fullwidth non-hundred-percent-height-scrolling\" style=\"--awb-border-radius-top-left:0px;--awb-border-radius-top-right:0px;--awb-border-radius-bottom-right:0px;--awb-border-radius-bottom-left:0px;--awb-padding-top:0px;--awb-padding-right:0px;--awb-padding-bottom:0px;--awb-padding-left:0px;--awb-flex-wrap:wrap;\" ><div class=\"fusion-builder-row fusion-row fusion-flex-align-items-flex-start fusion-flex-content-wrap\" style=\"width:104% !important;max-width:104% !important;margin-left: calc(-4% \/ 2 );margin-right: calc(-4% \/ 2 );\"><div class=\"fusion-layout-column fusion_builder_column fusion-builder-column-4 fusion_builder_column_1_1 1_1 fusion-flex-column fusion-flex-align-self-stretch\" style=\"--awb-bg-size:cover;--awb-width-large:100%;--awb-margin-top-large:0px;--awb-spacing-right-large:1.92%;--awb-margin-bottom-large:20px;--awb-spacing-left-large:1.92%;--awb-width-medium:100%;--awb-order-medium:0;--awb-spacing-right-medium:1.92%;--awb-spacing-left-medium:1.92%;--awb-width-small:100%;--awb-order-small:0;--awb-spacing-right-small:1.92%;--awb-spacing-left-small:1.92%;\"><div class=\"fusion-column-wrapper fusion-column-has-shadow fusion-flex-justify-content-flex-start fusion-content-layout-column\"><div class=\"fusion-image-carousel fusion-image-carousel-fixed fusion-image-carousel-1 lightbox-enabled\"><div class=\"awb-carousel awb-swiper awb-swiper-carousel awb-carousel--carousel awb-swiper-dots-position-bottom\" data-layout=\"carousel\" data-autoplay=\"no\" data-autoplayspeed=\"2500\" data-autoplaypause=\"no\" data-loop=\"yes\" data-columns=\"6\" data-columnsmedium=\"1\" data-columnssmall=\"1\" data-itemmargin=\"10\" data-itemwidth=\"180\" data-touchscroll=\"no\" data-freemode=\"no\" data-imagesize=\"fixed\" data-scrollitems=\"1\" data-centeredslides=\"no\" data-rotationangle=\"50\" data-depth=\"100\" data-speed=\"500\" data-shadow=\"no\" data-pagination=\"bullets\" style=\"--awb-columns:6;--awb-column-spacing:10px;--awb-dots-align:center;\"><div class=\"swiper-wrapper awb-image-carousel-wrapper fusion-flex-align-items-center\"><div class=\"swiper-slide\"><div class=\"fusion-carousel-item-wrapper\"><div class=\"fusion-image-wrapper hover-type-none\"><a data-rel=\"iLightbox[image_carousel_1]\" data-title=\"Bisson_Web_2019December 18, 2019-6\" aria-label=\"Bisson_Web_2019December 18, 2019-6\" href=\"https:\/\/www.bissonltd.co.uk\/wp-content\/uploads\/2021\/02\/Bisson_Web_2019December-18-2019-6.jpg\" target=\"_self\"><img decoding=\"async\" width=\"320\" height=\"202\" src=\"https:\/\/www.bissonltd.co.uk\/wp-content\/uploads\/2021\/02\/Bisson_Web_2019December-18-2019-6-320x202.jpg\" class=\"attachment-blog-medium size-blog-medium\" alt=\"\" \/><\/a><\/div><\/div><\/div><div class=\"swiper-slide\"><div class=\"fusion-carousel-item-wrapper\"><div class=\"fusion-image-wrapper hover-type-none\"><a data-rel=\"iLightbox[image_carousel_1]\" data-title=\"tate-outside\" aria-label=\"tate-outside\" href=\"https:\/\/www.bissonltd.co.uk\/wp-content\/uploads\/2021\/02\/tate-outside-1024x683.jpg\" target=\"_self\"><img decoding=\"async\" width=\"320\" height=\"202\" src=\"https:\/\/www.bissonltd.co.uk\/wp-content\/uploads\/2021\/02\/tate-outside-320x202.jpg\" class=\"attachment-blog-medium size-blog-medium\" alt=\"\" \/><\/a><\/div><\/div><\/div><div class=\"swiper-slide\"><div class=\"fusion-carousel-item-wrapper\"><div class=\"fusion-image-wrapper hover-type-none\"><a data-rel=\"iLightbox[image_carousel_1]\" data-title=\"alps-tunnel\" aria-label=\"alps-tunnel\" href=\"https:\/\/www.bissonltd.co.uk\/wp-content\/uploads\/2021\/02\/alps-tunnel-1024x682.jpg\" target=\"_self\"><img decoding=\"async\" width=\"320\" height=\"202\" src=\"https:\/\/www.bissonltd.co.uk\/wp-content\/uploads\/2021\/02\/alps-tunnel-320x202.jpg\" class=\"attachment-blog-medium size-blog-medium\" alt=\"\" \/><\/a><\/div><\/div><\/div><div class=\"swiper-slide\"><div class=\"fusion-carousel-item-wrapper\"><div class=\"fusion-image-wrapper hover-type-none\"><a data-rel=\"iLightbox[image_carousel_1]\" data-title=\"heathrow\" aria-label=\"heathrow\" href=\"https:\/\/www.bissonltd.co.uk\/wp-content\/uploads\/2021\/02\/heathrow-1024x576.jpg\" target=\"_self\"><img decoding=\"async\" width=\"320\" height=\"202\" src=\"https:\/\/www.bissonltd.co.uk\/wp-content\/uploads\/2021\/02\/heathrow-320x202.jpg\" class=\"attachment-blog-medium size-blog-medium\" alt=\"\" \/><\/a><\/div><\/div><\/div><div class=\"swiper-slide\"><div class=\"fusion-carousel-item-wrapper\"><div class=\"fusion-image-wrapper hover-type-none\"><a data-rel=\"iLightbox[image_carousel_1]\" data-title=\"alps-tunnel2\" aria-label=\"alps-tunnel2\" href=\"https:\/\/www.bissonltd.co.uk\/wp-content\/uploads\/2021\/02\/alps-tunnel2-1024x683.jpg\" target=\"_self\"><img decoding=\"async\" width=\"320\" height=\"202\" src=\"https:\/\/www.bissonltd.co.uk\/wp-content\/uploads\/2021\/02\/alps-tunnel2-320x202.jpg\" class=\"attachment-blog-medium size-blog-medium\" alt=\"\" \/><\/a><\/div><\/div><\/div><div class=\"swiper-slide\"><div class=\"fusion-carousel-item-wrapper\"><div class=\"fusion-image-wrapper hover-type-none\"><a data-rel=\"iLightbox[image_carousel_1]\" data-title=\"Bisson_Web_2019December 16, 2019-13\" aria-label=\"Bisson_Web_2019December 16, 2019-13\" href=\"https:\/\/www.bissonltd.co.uk\/wp-content\/uploads\/2021\/02\/Bisson_Web_2019December-16-2019-13.jpg\" target=\"_self\"><img decoding=\"async\" width=\"320\" height=\"202\" src=\"https:\/\/www.bissonltd.co.uk\/wp-content\/uploads\/2021\/02\/Bisson_Web_2019December-16-2019-13-320x202.jpg\" class=\"attachment-blog-medium size-blog-medium\" alt=\"\" \/><\/a><\/div><\/div><\/div><div class=\"swiper-slide\"><div class=\"fusion-carousel-item-wrapper\"><div class=\"fusion-image-wrapper hover-type-none\"><a data-rel=\"iLightbox[image_carousel_1]\" data-title=\"tate-insode\" aria-label=\"tate-insode\" href=\"https:\/\/www.bissonltd.co.uk\/wp-content\/uploads\/2021\/02\/tate-insode-1024x768.jpg\" target=\"_self\"><img decoding=\"async\" width=\"320\" height=\"202\" src=\"https:\/\/www.bissonltd.co.uk\/wp-content\/uploads\/2021\/02\/tate-insode-320x202.jpg\" class=\"attachment-blog-medium size-blog-medium\" alt=\"\" \/><\/a><\/div><\/div><\/div><div class=\"swiper-slide\"><div class=\"fusion-carousel-item-wrapper\"><div class=\"fusion-image-wrapper hover-type-none\"><a data-rel=\"iLightbox[image_carousel_1]\" data-title=\"Screenshot 2021-02-19 at 11.33.47\" aria-label=\"Screenshot 2021-02-19 at 11.33.47\" href=\"https:\/\/www.bissonltd.co.uk\/wp-content\/uploads\/2021\/02\/Screenshot-2021-02-19-at-11.33.47.png\" target=\"_self\"><img decoding=\"async\" width=\"312\" height=\"182\" src=\"https:\/\/www.bissonltd.co.uk\/wp-content\/uploads\/2021\/02\/Screenshot-2021-02-19-at-11.33.47.png\" class=\"attachment-blog-medium size-blog-medium\" alt=\"\" srcset=\"https:\/\/www.bissonltd.co.uk\/wp-content\/uploads\/2021\/02\/Screenshot-2021-02-19-at-11.33.47-200x117.png 200w, https:\/\/www.bissonltd.co.uk\/wp-content\/uploads\/2021\/02\/Screenshot-2021-02-19-at-11.33.47.png 312w\" sizes=\"(min-width: 2200px) 100vw, (min-width: 1000px) 220px, (min-width: 928px) 264px, (min-width: 856px) 330px, (min-width: 784px) 440px, (min-width: 712px) 660px, (min-width: 640px) 712px, \" \/><\/a><\/div><\/div><\/div><div class=\"swiper-slide\"><div class=\"fusion-carousel-item-wrapper\"><div class=\"fusion-image-wrapper hover-type-none\"><a data-rel=\"iLightbox[image_carousel_1]\" data-title=\"Bisson\" aria-label=\"Bisson\" href=\"https:\/\/www.bissonltd.co.uk\/wp-content\/uploads\/2021\/02\/Screenshot-2021-02-19-at-11.05.24.png\" target=\"_self\"><img decoding=\"async\" width=\"320\" height=\"202\" src=\"https:\/\/www.bissonltd.co.uk\/wp-content\/uploads\/2021\/02\/Screenshot-2021-02-19-at-11.05.24-320x202.png\" class=\"attachment-blog-medium size-blog-medium\" alt=\"\" \/><\/a><\/div><\/div><\/div><div class=\"swiper-slide\"><div class=\"fusion-carousel-item-wrapper\"><div class=\"fusion-image-wrapper hover-type-none\"><a data-rel=\"iLightbox[image_carousel_1]\" data-title=\"Bisson_Web_2019December 18, 2019-8\" aria-label=\"Bisson_Web_2019December 18, 2019-8\" href=\"https:\/\/www.bissonltd.co.uk\/wp-content\/uploads\/2021\/02\/Bisson_Web_2019December-18-2019-8.jpg\" target=\"_self\"><img decoding=\"async\" width=\"320\" height=\"202\" src=\"https:\/\/www.bissonltd.co.uk\/wp-content\/uploads\/2021\/02\/Bisson_Web_2019December-18-2019-8-320x202.jpg\" class=\"attachment-blog-medium size-blog-medium\" alt=\"\" \/><\/a><\/div><\/div><\/div><div class=\"swiper-slide\"><div class=\"fusion-carousel-item-wrapper\"><div class=\"fusion-image-wrapper hover-type-none\"><a data-rel=\"iLightbox[image_carousel_1]\" data-title=\"Bisson_Web_2019December 16, 2019-15\" aria-label=\"Bisson_Web_2019December 16, 2019-15\" href=\"https:\/\/www.bissonltd.co.uk\/wp-content\/uploads\/2021\/02\/Bisson_Web_2019December-16-2019-15.jpg\" target=\"_self\"><img decoding=\"async\" width=\"320\" height=\"202\" src=\"https:\/\/www.bissonltd.co.uk\/wp-content\/uploads\/2021\/02\/Bisson_Web_2019December-16-2019-15-320x202.jpg\" class=\"attachment-blog-medium size-blog-medium\" alt=\"\" \/><\/a><\/div><\/div><\/div><\/div><div class=\"awb-swiper-button awb-swiper-button-prev\"><i class=\"awb-icon-angle-left\" aria-hidden=\"true\"><\/i><\/div><div class=\"awb-swiper-button awb-swiper-button-next\"><i class=\"awb-icon-angle-right\" aria-hidden=\"true\"><\/i><\/div><\/div><\/div><div class=\"fusion-separator fusion-full-width-sep\" style=\"align-self: center;margin-left: auto;margin-right: auto;margin-top:-60px;width:100%;\"><\/div><\/div><\/div><\/div><\/div>\n<\/p>\n","protected":false},"excerpt":{"rendered":"","protected":false},"author":1,"featured_media":0,"parent":0,"menu_order":0,"comment_status":"closed","ping_status":"closed","template":"100-width.php","meta":{"_monsterinsights_skip_tracking":false,"_monsterinsights_sitenote_active":false,"_monsterinsights_sitenote_note":"","_monsterinsights_sitenote_category":0,"footnotes":""},"class_list":["post-1748","page","type-page","status-publish","hentry"],"_links":{"self":[{"href":"https:\/\/www.bissonltd.co.uk\/es\/wp-json\/wp\/v2\/pages\/1748","targetHints":{"allow":["GET"]}}],"collection":[{"href":"https:\/\/www.bissonltd.co.uk\/es\/wp-json\/wp\/v2\/pages"}],"about":[{"href":"https:\/\/www.bissonltd.co.uk\/es\/wp-json\/wp\/v2\/types\/page"}],"author":[{"embeddable":true,"href":"https:\/\/www.bissonltd.co.uk\/es\/wp-json\/wp\/v2\/users\/1"}],"replies":[{"embeddable":true,"href":"https:\/\/www.bissonltd.co.uk\/es\/wp-json\/wp\/v2\/comments?post=1748"}],"version-history":[{"count":8,"href":"https:\/\/www.bissonltd.co.uk\/es\/wp-json\/wp\/v2\/pages\/1748\/revisions"}],"predecessor-version":[{"id":4703,"href":"https:\/\/www.bissonltd.co.uk\/es\/wp-json\/wp\/v2\/pages\/1748\/revisions\/4703"}],"wp:attachment":[{"href":"https:\/\/www.bissonltd.co.uk\/es\/wp-json\/wp\/v2\/media?parent=1748"}],"curies":[{"name":"wp","href":"https:\/\/api.w.org\/{rel}","templated":true}]}}