{"id":1762,"date":"2021-04-29T16:06:36","date_gmt":"2021-04-29T15:06:36","guid":{"rendered":"http:\/\/79.170.44.115\/bissonltd.co.uk\/portafolio-de-proyectos\/"},"modified":"2021-04-29T16:06:41","modified_gmt":"2021-04-29T15:06:41","slug":"portafolio-de-proyectos","status":"publish","type":"page","link":"https:\/\/www.bissonltd.co.uk\/es\/portafolio-de-proyectos\/","title":{"rendered":"PORTAFOLIO DE PROYECTOS"},"content":{"rendered":"<div id=\"#intro\" class=\"fusion-container-anchor\"><div class=\"fusion-fullwidth fullwidth-box fusion-builder-row-1 fusion-flex-container nonhundred-percent-fullwidth non-hundred-percent-height-scrolling\" style=\"--awb-border-radius-top-left:0px;--awb-border-radius-top-right:0px;--awb-border-radius-bottom-right:0px;--awb-border-radius-bottom-left:0px;--awb-padding-top:120px;--awb-padding-bottom:80px;--awb-padding-top-small:80px;--awb-flex-wrap:wrap;\" ><div class=\"fusion-builder-row fusion-row fusion-flex-align-items-flex-start fusion-flex-content-wrap\" style=\"max-width:1424.8px;margin-left: calc(-4% \/ 2 );margin-right: calc(-4% \/ 2 );\"><div class=\"fusion-layout-column fusion_builder_column fusion-builder-column-0 fusion_builder_column_1_1 1_1 fusion-flex-column\" style=\"--awb-bg-size:cover;--awb-width-large:100%;--awb-margin-top-large:0px;--awb-spacing-right-large:1.92%;--awb-margin-bottom-large:20px;--awb-spacing-left-large:1.92%;--awb-width-medium:100%;--awb-spacing-right-medium:1.92%;--awb-spacing-left-medium:1.92%;--awb-width-small:100%;--awb-spacing-right-small:1.92%;--awb-spacing-left-small:1.92%;\"><div class=\"fusion-column-wrapper fusion-flex-justify-content-flex-start fusion-content-layout-column\"><div class=\"fusion-title title fusion-title-1 fusion-title-text fusion-title-size-two\" style=\"--awb-margin-top-small:0px;--awb-margin-right-small:0px;--awb-margin-bottom-small:20px;--awb-margin-left-small:0px;\"><div class=\"title-sep-container title-sep-container-left fusion-no-large-visibility fusion-no-medium-visibility fusion-no-small-visibility\"><div class=\"title-sep sep- sep-solid\" style=\"border-color:#e0dede;\"><\/div><\/div><span class=\"awb-title-spacer fusion-no-large-visibility fusion-no-medium-visibility fusion-no-small-visibility\"><\/span><h2 class=\"fusion-title-heading title-heading-left\" style=\"margin:0;\"><p style=\"text-align: center;\">Bisson es uno de los mayores proveedores de tuber\u00edas y accesorios de aspiraci\u00f3n tanto en el Reino Unido como en el mercado europeo.<\/p><\/h2><span class=\"awb-title-spacer\"><\/span><div class=\"title-sep-container title-sep-container-right\"><div class=\"title-sep sep- sep-solid\" style=\"border-color:#e0dede;\"><\/div><\/div><\/div><div class=\"fusion-image-carousel fusion-image-carousel-auto fusion-image-carousel-1 lightbox-enabled\"><div class=\"awb-carousel awb-swiper awb-swiper-carousel awb-carousel--carousel awb-swiper-dots-position-bottom\" data-layout=\"carousel\" data-autoplay=\"no\" data-autoplayspeed=\"2500\" data-autoplaypause=\"no\" data-loop=\"yes\" data-columns=\"6\" data-columnsmedium=\"1\" data-columnssmall=\"1\" data-itemmargin=\"10\" data-itemwidth=\"180\" data-touchscroll=\"no\" data-freemode=\"no\" data-imagesize=\"auto\" data-scrollitems=\"1\" data-centeredslides=\"no\" data-rotationangle=\"50\" data-depth=\"100\" data-speed=\"500\" data-shadow=\"no\" data-pagination=\"bullets\" style=\"--awb-columns:6;--awb-column-spacing:10px;\"><div class=\"swiper-wrapper awb-image-carousel-wrapper fusion-flex-align-items-center\"><div class=\"swiper-slide\"><div class=\"fusion-carousel-item-wrapper\"><div class=\"fusion-image-wrapper hover-type-none\"><a data-rel=\"iLightbox[image_carousel_1]\" data-title=\"tate-outside\" aria-label=\"tate-outside\" href=\"https:\/\/www.bissonltd.co.uk\/wp-content\/uploads\/2021\/02\/tate-outside-1024x683.jpg\" target=\"_self\"><img decoding=\"async\" width=\"1600\" height=\"1067\" src=\"https:\/\/www.bissonltd.co.uk\/wp-content\/uploads\/2021\/02\/tate-outside.jpg\" class=\"attachment-full size-full\" alt=\"\" srcset=\"https:\/\/www.bissonltd.co.uk\/wp-content\/uploads\/2021\/02\/tate-outside-200x133.jpg 200w, https:\/\/www.bissonltd.co.uk\/wp-content\/uploads\/2021\/02\/tate-outside-400x267.jpg 400w, https:\/\/www.bissonltd.co.uk\/wp-content\/uploads\/2021\/02\/tate-outside-600x400.jpg 600w, https:\/\/www.bissonltd.co.uk\/wp-content\/uploads\/2021\/02\/tate-outside-800x534.jpg 800w, https:\/\/www.bissonltd.co.uk\/wp-content\/uploads\/2021\/02\/tate-outside-1200x800.jpg 1200w, https:\/\/www.bissonltd.co.uk\/wp-content\/uploads\/2021\/02\/tate-outside.jpg 1600w\" sizes=\"(min-width: 2200px) 100vw, (min-width: 1000px) 220px, (min-width: 928px) 264px, (min-width: 856px) 330px, (min-width: 784px) 440px, (min-width: 712px) 660px, (min-width: 640px) 712px, \" \/><\/a><\/div><\/div><\/div><div class=\"swiper-slide\"><div class=\"fusion-carousel-item-wrapper\"><div class=\"fusion-image-wrapper hover-type-none\"><a data-rel=\"iLightbox[image_carousel_1]\" data-title=\"alps-tunnel\" aria-label=\"alps-tunnel\" href=\"https:\/\/www.bissonltd.co.uk\/wp-content\/uploads\/2021\/02\/alps-tunnel-1024x682.jpg\" target=\"_self\"><img decoding=\"async\" width=\"1400\" height=\"933\" src=\"https:\/\/www.bissonltd.co.uk\/wp-content\/uploads\/2021\/02\/alps-tunnel.jpg\" class=\"attachment-full size-full\" alt=\"\" srcset=\"https:\/\/www.bissonltd.co.uk\/wp-content\/uploads\/2021\/02\/alps-tunnel-200x133.jpg 200w, https:\/\/www.bissonltd.co.uk\/wp-content\/uploads\/2021\/02\/alps-tunnel-400x267.jpg 400w, https:\/\/www.bissonltd.co.uk\/wp-content\/uploads\/2021\/02\/alps-tunnel-600x400.jpg 600w, https:\/\/www.bissonltd.co.uk\/wp-content\/uploads\/2021\/02\/alps-tunnel-800x533.jpg 800w, https:\/\/www.bissonltd.co.uk\/wp-content\/uploads\/2021\/02\/alps-tunnel-1200x800.jpg 1200w, https:\/\/www.bissonltd.co.uk\/wp-content\/uploads\/2021\/02\/alps-tunnel.jpg 1400w\" sizes=\"(min-width: 2200px) 100vw, (min-width: 1000px) 220px, (min-width: 928px) 264px, (min-width: 856px) 330px, (min-width: 784px) 440px, (min-width: 712px) 660px, (min-width: 640px) 712px, \" \/><\/a><\/div><\/div><\/div><div class=\"swiper-slide\"><div class=\"fusion-carousel-item-wrapper\"><div class=\"fusion-image-wrapper hover-type-none\"><a data-rel=\"iLightbox[image_carousel_1]\" data-title=\"heathrow\" aria-label=\"heathrow\" href=\"https:\/\/www.bissonltd.co.uk\/wp-content\/uploads\/2021\/02\/heathrow-1024x576.jpg\" target=\"_self\"><img decoding=\"async\" width=\"1499\" height=\"843\" src=\"https:\/\/www.bissonltd.co.uk\/wp-content\/uploads\/2021\/02\/heathrow.jpg\" class=\"attachment-full size-full\" alt=\"\" srcset=\"https:\/\/www.bissonltd.co.uk\/wp-content\/uploads\/2021\/02\/heathrow-200x112.jpg 200w, https:\/\/www.bissonltd.co.uk\/wp-content\/uploads\/2021\/02\/heathrow-400x225.jpg 400w, https:\/\/www.bissonltd.co.uk\/wp-content\/uploads\/2021\/02\/heathrow-600x337.jpg 600w, https:\/\/www.bissonltd.co.uk\/wp-content\/uploads\/2021\/02\/heathrow-800x450.jpg 800w, https:\/\/www.bissonltd.co.uk\/wp-content\/uploads\/2021\/02\/heathrow-1200x675.jpg 1200w, https:\/\/www.bissonltd.co.uk\/wp-content\/uploads\/2021\/02\/heathrow.jpg 1499w\" sizes=\"(min-width: 2200px) 100vw, (min-width: 1000px) 220px, (min-width: 928px) 264px, (min-width: 856px) 330px, (min-width: 784px) 440px, (min-width: 712px) 660px, (min-width: 640px) 712px, \" \/><\/a><\/div><\/div><\/div><div class=\"swiper-slide\"><div class=\"fusion-carousel-item-wrapper\"><div class=\"fusion-image-wrapper hover-type-none\"><a data-rel=\"iLightbox[image_carousel_1]\" data-title=\"alps-tunnel2\" aria-label=\"alps-tunnel2\" href=\"https:\/\/www.bissonltd.co.uk\/wp-content\/uploads\/2021\/02\/alps-tunnel2-1024x683.jpg\" target=\"_self\"><img decoding=\"async\" width=\"1500\" height=\"1001\" src=\"https:\/\/www.bissonltd.co.uk\/wp-content\/uploads\/2021\/02\/alps-tunnel2.jpg\" class=\"attachment-full size-full\" alt=\"\" srcset=\"https:\/\/www.bissonltd.co.uk\/wp-content\/uploads\/2021\/02\/alps-tunnel2-200x133.jpg 200w, https:\/\/www.bissonltd.co.uk\/wp-content\/uploads\/2021\/02\/alps-tunnel2-400x267.jpg 400w, https:\/\/www.bissonltd.co.uk\/wp-content\/uploads\/2021\/02\/alps-tunnel2-600x400.jpg 600w, https:\/\/www.bissonltd.co.uk\/wp-content\/uploads\/2021\/02\/alps-tunnel2-800x534.jpg 800w, https:\/\/www.bissonltd.co.uk\/wp-content\/uploads\/2021\/02\/alps-tunnel2-1200x801.jpg 1200w, https:\/\/www.bissonltd.co.uk\/wp-content\/uploads\/2021\/02\/alps-tunnel2.jpg 1500w\" sizes=\"(min-width: 2200px) 100vw, (min-width: 1000px) 220px, (min-width: 928px) 264px, (min-width: 856px) 330px, (min-width: 784px) 440px, (min-width: 712px) 660px, (min-width: 640px) 712px, \" \/><\/a><\/div><\/div><\/div><div class=\"swiper-slide\"><div class=\"fusion-carousel-item-wrapper\"><div class=\"fusion-image-wrapper hover-type-none\"><a data-rel=\"iLightbox[image_carousel_1]\" data-title=\"tate-insode\" aria-label=\"tate-insode\" href=\"https:\/\/www.bissonltd.co.uk\/wp-content\/uploads\/2021\/02\/tate-insode-1024x768.jpg\" target=\"_self\"><img decoding=\"async\" width=\"1500\" height=\"1125\" src=\"https:\/\/www.bissonltd.co.uk\/wp-content\/uploads\/2021\/02\/tate-insode.jpg\" class=\"attachment-full size-full\" alt=\"\" srcset=\"https:\/\/www.bissonltd.co.uk\/wp-content\/uploads\/2021\/02\/tate-insode-200x150.jpg 200w, https:\/\/www.bissonltd.co.uk\/wp-content\/uploads\/2021\/02\/tate-insode-400x300.jpg 400w, https:\/\/www.bissonltd.co.uk\/wp-content\/uploads\/2021\/02\/tate-insode-600x450.jpg 600w, https:\/\/www.bissonltd.co.uk\/wp-content\/uploads\/2021\/02\/tate-insode-800x600.jpg 800w, https:\/\/www.bissonltd.co.uk\/wp-content\/uploads\/2021\/02\/tate-insode-1200x900.jpg 1200w, https:\/\/www.bissonltd.co.uk\/wp-content\/uploads\/2021\/02\/tate-insode.jpg 1500w\" sizes=\"(min-width: 2200px) 100vw, (min-width: 1000px) 220px, (min-width: 928px) 264px, (min-width: 856px) 330px, (min-width: 784px) 440px, (min-width: 712px) 660px, (min-width: 640px) 712px, \" \/><\/a><\/div><\/div><\/div><div class=\"swiper-slide\"><div class=\"fusion-carousel-item-wrapper\"><div class=\"fusion-image-wrapper hover-type-none\"><a data-rel=\"iLightbox[image_carousel_1]\" data-title=\"500_F_315503427_xQEL3H20LKNVLyCut6ZdCS7Iu0RXqmte\" aria-label=\"500_F_315503427_xQEL3H20LKNVLyCut6ZdCS7Iu0RXqmte\" href=\"https:\/\/www.bissonltd.co.uk\/wp-content\/uploads\/2021\/03\/500_F_315503427_xQEL3H20LKNVLyCut6ZdCS7Iu0RXqmte.jpg\" target=\"_self\"><img decoding=\"async\" width=\"500\" height=\"282\" src=\"https:\/\/www.bissonltd.co.uk\/wp-content\/uploads\/2021\/03\/500_F_315503427_xQEL3H20LKNVLyCut6ZdCS7Iu0RXqmte.jpg\" class=\"attachment-full size-full\" alt=\"\" srcset=\"https:\/\/www.bissonltd.co.uk\/wp-content\/uploads\/2021\/03\/500_F_315503427_xQEL3H20LKNVLyCut6ZdCS7Iu0RXqmte-200x113.jpg 200w, https:\/\/www.bissonltd.co.uk\/wp-content\/uploads\/2021\/03\/500_F_315503427_xQEL3H20LKNVLyCut6ZdCS7Iu0RXqmte-400x226.jpg 400w, https:\/\/www.bissonltd.co.uk\/wp-content\/uploads\/2021\/03\/500_F_315503427_xQEL3H20LKNVLyCut6ZdCS7Iu0RXqmte.jpg 500w\" sizes=\"(min-width: 2200px) 100vw, (min-width: 1000px) 220px, (min-width: 928px) 264px, (min-width: 856px) 330px, (min-width: 784px) 440px, (min-width: 712px) 660px, (min-width: 640px) 712px, \" \/><\/a><\/div><\/div><\/div><\/div><div class=\"awb-swiper-button awb-swiper-button-prev\"><i class=\"awb-icon-angle-left\" aria-hidden=\"true\"><\/i><\/div><div class=\"awb-swiper-button awb-swiper-button-next\"><i class=\"awb-icon-angle-right\" aria-hidden=\"true\"><\/i><\/div><\/div><\/div><div class=\"fusion-text fusion-text-1\"><p>Estamos orgullosos de haber tenido la oportunidad de suministrar una serie de proyectos prestigiosos tanto en el Reino Unido como en Europa. Nuestras tuber\u00edas y accesorios se han instalado en el estadio de Wembley, el estadio de Light en Sunderland y las terminales 4 y 5 del aeropuerto de Heathrow por nombrar solo alguna En Europa nuestro producto se puede encontrar en todos los t\u00faneles de los Alpes italianos, junto con numerosas minas de carb\u00f3n en Scilily.<\/p>\n<p>La detecci\u00f3n de humo por aspiraci\u00f3n se presta a cualquier proyecto que tenga que proteger objetos personales de valor y otros artefactos de alto valor como manuscritos o pinturas antiguas. La gama completa est\u00e1 disponible en 3 colores rojo, blanco o gris en 25 mm y rojo en 27 mm. Para cualquier Informaci\u00f3n o cotizaci\u00f3n, cont\u00e1ctenos hoy.<\/p>\n<\/div><\/div><\/div><\/div><\/div><\/div>\n","protected":false},"excerpt":{"rendered":"","protected":false},"author":1,"featured_media":0,"parent":0,"menu_order":0,"comment_status":"closed","ping_status":"closed","template":"100-width.php","meta":{"_monsterinsights_skip_tracking":false,"_monsterinsights_sitenote_active":false,"_monsterinsights_sitenote_note":"","_monsterinsights_sitenote_category":0,"footnotes":""},"class_list":["post-1762","page","type-page","status-publish","hentry"],"_links":{"self":[{"href":"https:\/\/www.bissonltd.co.uk\/es\/wp-json\/wp\/v2\/pages\/1762","targetHints":{"allow":["GET"]}}],"collection":[{"href":"https:\/\/www.bissonltd.co.uk\/es\/wp-json\/wp\/v2\/pages"}],"about":[{"href":"https:\/\/www.bissonltd.co.uk\/es\/wp-json\/wp\/v2\/types\/page"}],"author":[{"embeddable":true,"href":"https:\/\/www.bissonltd.co.uk\/es\/wp-json\/wp\/v2\/users\/1"}],"replies":[{"embeddable":true,"href":"https:\/\/www.bissonltd.co.uk\/es\/wp-json\/wp\/v2\/comments?post=1762"}],"version-history":[{"count":6,"href":"https:\/\/www.bissonltd.co.uk\/es\/wp-json\/wp\/v2\/pages\/1762\/revisions"}],"predecessor-version":[{"id":1771,"href":"https:\/\/www.bissonltd.co.uk\/es\/wp-json\/wp\/v2\/pages\/1762\/revisions\/1771"}],"wp:attachment":[{"href":"https:\/\/www.bissonltd.co.uk\/es\/wp-json\/wp\/v2\/media?parent=1762"}],"curies":[{"name":"wp","href":"https:\/\/api.w.org\/{rel}","templated":true}]}}